{"id":3256,"date":"2023-04-22T07:58:56","date_gmt":"2023-04-22T07:58:56","guid":{"rendered":"https:\/\/casadovereador.com\/blog\/"},"modified":"2025-12-17T10:58:43","modified_gmt":"2025-12-17T10:58:43","slug":"blog","status":"publish","type":"page","link":"https:\/\/casadovereador.com\/fr\/blog\/","title":{"rendered":"Blog"},"content":{"rendered":"\t\t<div data-elementor-type=\"wp-page\" data-elementor-id=\"3256\" class=\"elementor elementor-3256 elementor-1002\" data-elementor-post-type=\"page\">\n\t\t\t\t\t\t<section data-particle_enable=\"false\" data-particle-mobile-disabled=\"false\" class=\"elementor-section elementor-top-section elementor-element elementor-element-df19b59 elementor-section-height-min-height cs-section-content-fullwidth cs-parallax-on-scroll cs_scroll_y_80 elementor-section-boxed elementor-section-height-default elementor-section-items-middle\" data-id=\"df19b59\" data-element_type=\"section\" data-settings=\"{&quot;background_background&quot;:&quot;classic&quot;}\" data-cs-parallax-y=\"80\" style=\"background-image: none;\" data-cs-background-image=\"https:\/\/casadovereador.com\/wp-content\/uploads\/2023\/05\/spacejoy-vPKNB_gc23Q-unsplash.jpg\" data-cs-background-image-alt-text=\"\">\n\t\t\t\t\t\t\t<div class=\"elementor-background-overlay\"><\/div>\n\t\t\t\t\t\t\t<div class=\"elementor-container elementor-column-gap-no\">\n\t\t\t\t\t<div class=\"elementor-column elementor-col-100 elementor-top-column elementor-element elementor-element-398db92 dark-color\" data-id=\"398db92\" data-element_type=\"column\">\n\t\t\t<div class=\"elementor-widget-wrap elementor-element-populated\">\n\t\t\t\t\t\t<div class=\"elementor-element elementor-element-768b25f elementor-widget elementor-widget-cs_title\" data-id=\"768b25f\" data-element_type=\"widget\" data-widget_type=\"cs_title.default\">\n\t\t\t\t<div class=\"elementor-widget-container\">\n\t\t\t\t\t\n        <div class=\"cs-title-wrap text-center\">\t            <div class=\"cs-subtitle-wrap\"><span class=\"cs-subtitle\">Lorem ipsum dolor sit amet, consectetuer adipiscing elit, sed diam nonummy <\/span><\/div>\t            <h1 class=\"cs-title\">\n\t                LOREM IPSUM DOLOR\nSITE AMET\t            <\/h1>        <\/div>\t\t\t\t<\/div>\n\t\t\t\t<\/div>\n\t\t\t\t\t<\/div>\n\t\t<\/div>\n\t\t\t\t\t<\/div>\n\t\t<\/section>\n\t\t\t\t<section data-particle_enable=\"false\" data-particle-mobile-disabled=\"false\" class=\"elementor-section elementor-top-section elementor-element elementor-element-fe1806c elementor-section-boxed elementor-section-height-default elementor-section-height-default\" data-id=\"fe1806c\" data-element_type=\"section\">\n\t\t\t\t\t\t<div class=\"elementor-container elementor-column-gap-no\">\n\t\t\t\t\t<div class=\"elementor-column elementor-col-100 elementor-top-column elementor-element elementor-element-9c076c5\" data-id=\"9c076c5\" data-element_type=\"column\">\n\t\t\t<div class=\"elementor-widget-wrap elementor-element-populated\">\n\t\t\t\t\t\t\t<\/div>\n\t\t<\/div>\n\t\t\t\t\t<\/div>\n\t\t<\/section>\n\t\t\t\t<\/div>\n\t\t","protected":false},"excerpt":{"rendered":"<p>Lorem ipsum dolor sit amet, consectetuer adipiscing elit, sed diam nonummy LOREM IPSUM DOLOR SITE AMET Uncategorized Hello world! Welcome to WordPress. This is your first post. Edit or delete it, then start writing! Read More Mar 24 Sightseeing Wellness City skyline in summer Lorem ipsum dolor sit amet, consectetuer adipiscing elit. Aenean commodo ligula &#8230;<\/p>\n","protected":false},"author":1,"featured_media":0,"parent":0,"menu_order":0,"comment_status":"closed","ping_status":"closed","template":"template-wide-content.php","meta":{"cozystay_single_page_hide_site_header":"","cozystay_single_page_site_header_source":"","cozystay_single_page_custom_site_header":"0","cozystay_single_page_custom_sticky_site_header":"0","cozystay_single_page_hide_page_title":"on","cozystay_single_page_header_section_size":"","cozystay_single_page_header_background_color":"","cozystay_single_page_header_background_position_x":"center","cozystay_single_page_header_background_position_y":"center","cozystay_single_page_header_background_size":"cover","cozystay_single_page_header_background_repeat":"off","cozystay_single_page_header_background_scroll":"on","cozystay_single_page_header_text_color":"","cozystay_single_page_header_show_breadcrumb":"","cozystay_single_page_site_footer_hide_main":"","cozystay_single_custom_site_footer_main_source":"","cozystay_single_custom_site_footer_main":"0","cozystay_single_page_site_footer_hide_above":"","cozystay_single_custom_site_footer_above_source":"","cozystay_single_custom_site_footer_above":"0","cozystay_single_page_site_footer_hide_instagram":"","cozystay_single_page_site_footer_hide_bottom":"","cozystay_single_custom_mobile_menu_source":"","cozystay_single_custom_mobile_menu":"0","cozystay_single_custom_mobile_menu_animation":"","cozystay_single_custom_mobile_menu_width":"","cozystay_single_custom_mobile_menu_custom_width":375,"footnotes":""},"class_list":["post-3256","page","type-page","status-publish","hentry"],"acf":[],"yoast_head":"<!-- This site is optimized with the Yoast SEO Premium plugin v21.3 (Yoast SEO v21.3) - https:\/\/yoast.com\/wordpress\/plugins\/seo\/ -->\n<title>Blog - Casa do Vereador<\/title>\n<meta name=\"description\" content=\"Blog: D\u00e9couvrez nos nouveaut\u00e9s et restez inform\u00e9 de tout ce qui concerne les A\u00e7ores. Faites votre r\u00e9servation avec nous.\" \/>\n<meta name=\"robots\" content=\"index, follow, max-snippet:-1, max-image-preview:large, max-video-preview:-1\" \/>\n<link rel=\"canonical\" href=\"https:\/\/casadovereador.com\/fr\/blog\/\" \/>\n<meta property=\"og:locale\" content=\"fr_FR\" \/>\n<meta property=\"og:type\" content=\"article\" \/>\n<meta property=\"og:title\" content=\"Blog\" \/>\n<meta property=\"og:description\" content=\"Blog: D\u00e9couvrez nos nouveaut\u00e9s et restez inform\u00e9 de tout ce qui concerne les A\u00e7ores. Faites votre r\u00e9servation avec nous.\" \/>\n<meta property=\"og:url\" content=\"https:\/\/casadovereador.com\/fr\/blog\/\" \/>\n<meta property=\"og:site_name\" content=\"Casa do Vereador\" \/>\n<meta property=\"article:modified_time\" content=\"2025-12-17T10:58:43+00:00\" \/>\n<meta property=\"og:image\" content=\"https:\/\/casadovereador.com\/wp-content\/uploads\/2023\/04\/toomas-tartes-41gqn1q-tqc-unsplash.jpg\" \/>\n<meta name=\"twitter:card\" content=\"summary_large_image\" \/>\n<meta name=\"twitter:label1\" content=\"Dur\u00e9e de lecture estim\u00e9e\" \/>\n\t<meta name=\"twitter:data1\" content=\"2 minutes\" \/>\n<script type=\"application\/ld+json\" class=\"yoast-schema-graph\">{\"@context\":\"https:\/\/schema.org\",\"@graph\":[{\"@type\":\"WebPage\",\"@id\":\"https:\/\/casadovereador.com\/fr\/blog\/\",\"url\":\"https:\/\/casadovereador.com\/fr\/blog\/\",\"name\":\"Blog - Casa do Vereador\",\"isPartOf\":{\"@id\":\"https:\/\/casadovereador.com\/#website\"},\"datePublished\":\"2023-04-22T07:58:56+00:00\",\"dateModified\":\"2025-12-17T10:58:43+00:00\",\"description\":\"Blog: D\u00e9couvrez nos nouveaut\u00e9s et restez inform\u00e9 de tout ce qui concerne les A\u00e7ores. Faites votre r\u00e9servation avec nous.\",\"breadcrumb\":{\"@id\":\"https:\/\/casadovereador.com\/fr\/blog\/#breadcrumb\"},\"inLanguage\":\"fr-FR\",\"potentialAction\":[{\"@type\":\"ReadAction\",\"target\":[\"https:\/\/casadovereador.com\/fr\/blog\/\"]}]},{\"@type\":\"BreadcrumbList\",\"@id\":\"https:\/\/casadovereador.com\/fr\/blog\/#breadcrumb\",\"itemListElement\":[{\"@type\":\"ListItem\",\"position\":1,\"name\":\"Home\",\"item\":\"https:\/\/casadovereador.com\/fr\/\"},{\"@type\":\"ListItem\",\"position\":2,\"name\":\"Blog\"}]},{\"@type\":\"WebSite\",\"@id\":\"https:\/\/casadovereador.com\/#website\",\"url\":\"https:\/\/casadovereador.com\/\",\"name\":\"Casa do Vereador\",\"description\":\"\",\"potentialAction\":[{\"@type\":\"SearchAction\",\"target\":{\"@type\":\"EntryPoint\",\"urlTemplate\":\"https:\/\/casadovereador.com\/?s={search_term_string}\"},\"query-input\":\"required name=search_term_string\"}],\"inLanguage\":\"fr-FR\"}]}<\/script>\n<!-- \/ Yoast SEO Premium plugin. -->","yoast_head_json":{"title":"Blog - Casa do Vereador","description":"Blog: D\u00e9couvrez nos nouveaut\u00e9s et restez inform\u00e9 de tout ce qui concerne les A\u00e7ores. Faites votre r\u00e9servation avec nous.","robots":{"index":"index","follow":"follow","max-snippet":"max-snippet:-1","max-image-preview":"max-image-preview:large","max-video-preview":"max-video-preview:-1"},"canonical":"https:\/\/casadovereador.com\/fr\/blog\/","og_locale":"fr_FR","og_type":"article","og_title":"Blog","og_description":"Blog: D\u00e9couvrez nos nouveaut\u00e9s et restez inform\u00e9 de tout ce qui concerne les A\u00e7ores. Faites votre r\u00e9servation avec nous.","og_url":"https:\/\/casadovereador.com\/fr\/blog\/","og_site_name":"Casa do Vereador","article_modified_time":"2025-12-17T10:58:43+00:00","og_image":[{"url":"https:\/\/casadovereador.com\/wp-content\/uploads\/2023\/04\/toomas-tartes-41gqn1q-tqc-unsplash.jpg"}],"twitter_card":"summary_large_image","twitter_misc":{"Dur\u00e9e de lecture estim\u00e9e":"2 minutes"},"schema":{"@context":"https:\/\/schema.org","@graph":[{"@type":"WebPage","@id":"https:\/\/casadovereador.com\/fr\/blog\/","url":"https:\/\/casadovereador.com\/fr\/blog\/","name":"Blog - Casa do Vereador","isPartOf":{"@id":"https:\/\/casadovereador.com\/#website"},"datePublished":"2023-04-22T07:58:56+00:00","dateModified":"2025-12-17T10:58:43+00:00","description":"Blog: D\u00e9couvrez nos nouveaut\u00e9s et restez inform\u00e9 de tout ce qui concerne les A\u00e7ores. Faites votre r\u00e9servation avec nous.","breadcrumb":{"@id":"https:\/\/casadovereador.com\/fr\/blog\/#breadcrumb"},"inLanguage":"fr-FR","potentialAction":[{"@type":"ReadAction","target":["https:\/\/casadovereador.com\/fr\/blog\/"]}]},{"@type":"BreadcrumbList","@id":"https:\/\/casadovereador.com\/fr\/blog\/#breadcrumb","itemListElement":[{"@type":"ListItem","position":1,"name":"Home","item":"https:\/\/casadovereador.com\/fr\/"},{"@type":"ListItem","position":2,"name":"Blog"}]},{"@type":"WebSite","@id":"https:\/\/casadovereador.com\/#website","url":"https:\/\/casadovereador.com\/","name":"Casa do Vereador","description":"","potentialAction":[{"@type":"SearchAction","target":{"@type":"EntryPoint","urlTemplate":"https:\/\/casadovereador.com\/?s={search_term_string}"},"query-input":"required name=search_term_string"}],"inLanguage":"fr-FR"}]}},"_links":{"self":[{"href":"https:\/\/casadovereador.com\/fr\/wp-json\/wp\/v2\/pages\/3256","targetHints":{"allow":["GET"]}}],"collection":[{"href":"https:\/\/casadovereador.com\/fr\/wp-json\/wp\/v2\/pages"}],"about":[{"href":"https:\/\/casadovereador.com\/fr\/wp-json\/wp\/v2\/types\/page"}],"author":[{"embeddable":true,"href":"https:\/\/casadovereador.com\/fr\/wp-json\/wp\/v2\/users\/1"}],"replies":[{"embeddable":true,"href":"https:\/\/casadovereador.com\/fr\/wp-json\/wp\/v2\/comments?post=3256"}],"version-history":[{"count":1,"href":"https:\/\/casadovereador.com\/fr\/wp-json\/wp\/v2\/pages\/3256\/revisions"}],"predecessor-version":[{"id":3261,"href":"https:\/\/casadovereador.com\/fr\/wp-json\/wp\/v2\/pages\/3256\/revisions\/3261"}],"wp:attachment":[{"href":"https:\/\/casadovereador.com\/fr\/wp-json\/wp\/v2\/media?parent=3256"}],"curies":[{"name":"wp","href":"https:\/\/api.w.org\/{rel}","templated":true}]}}