{"id":3353,"date":"2025-11-23T19:19:02","date_gmt":"2025-11-23T19:19:02","guid":{"rendered":"https:\/\/casadovereador.com\/politica-de-privacidade\/"},"modified":"2025-12-17T11:13:37","modified_gmt":"2025-12-17T11:13:37","slug":"politica-de-privacidade","status":"publish","type":"page","link":"https:\/\/casadovereador.com\/es\/politica-de-privacidade\/","title":{"rendered":"Pol\u00edtica de privacidad"},"content":{"rendered":"","protected":false},"excerpt":{"rendered":"","protected":false},"author":1,"featured_media":2536,"parent":0,"menu_order":0,"comment_status":"closed","ping_status":"closed","template":"","meta":{"cozystay_single_page_hide_site_header":"","cozystay_single_page_site_header_source":"","cozystay_single_page_custom_site_header":"0","cozystay_single_page_custom_sticky_site_header":"0","cozystay_single_page_hide_page_title":"","cozystay_single_page_header_section_size":"","cozystay_single_page_header_background_color":"","cozystay_single_page_header_background_position_x":"center","cozystay_single_page_header_background_position_y":"center","cozystay_single_page_header_background_size":"cover","cozystay_single_page_header_background_repeat":"off","cozystay_single_page_header_background_scroll":"on","cozystay_single_page_header_text_color":"","cozystay_single_page_header_show_breadcrumb":"","cozystay_single_page_site_footer_hide_main":"","cozystay_single_custom_site_footer_main_source":"","cozystay_single_custom_site_footer_main":"0","cozystay_single_page_site_footer_hide_above":"","cozystay_single_custom_site_footer_above_source":"","cozystay_single_custom_site_footer_above":"0","cozystay_single_page_site_footer_hide_instagram":"","cozystay_single_page_site_footer_hide_bottom":"","cozystay_single_custom_mobile_menu_source":"","cozystay_single_custom_mobile_menu":"0","cozystay_single_custom_mobile_menu_animation":"","cozystay_single_custom_mobile_menu_width":"","cozystay_single_custom_mobile_menu_custom_width":375,"footnotes":""},"class_list":["post-3353","page","type-page","status-publish","has-post-thumbnail","hentry"],"acf":[],"yoast_head":"<!-- This site is optimized with the Yoast SEO Premium plugin v21.3 (Yoast SEO v21.3) - https:\/\/yoast.com\/wordpress\/plugins\/seo\/ -->\n<title>Pol\u00edtica de privacidad - Casa do Vereador<\/title>\n<meta name=\"description\" content=\"Pol\u00edtica de privacidad: Al aceptar Pol\u00edtica de Privacidad, usted autoriza a Gente de Palmo e Meio creche e Jardim de inf\u00e2ncia Lda trate sus datos personales\" \/>\n<meta name=\"robots\" content=\"index, follow, max-snippet:-1, max-image-preview:large, max-video-preview:-1\" \/>\n<link rel=\"canonical\" href=\"https:\/\/casadovereador.com\/es\/politica-de-privacidade\/\" \/>\n<meta property=\"og:locale\" content=\"es_ES\" \/>\n<meta property=\"og:type\" content=\"article\" \/>\n<meta property=\"og:title\" content=\"Pol\u00edtica de privacidad\" \/>\n<meta property=\"og:description\" content=\"Pol\u00edtica de privacidad: Al aceptar Pol\u00edtica de Privacidad, usted autoriza a Gente de Palmo e Meio creche e Jardim de inf\u00e2ncia Lda trate sus datos personales\" \/>\n<meta property=\"og:url\" content=\"https:\/\/casadovereador.com\/es\/politica-de-privacidade\/\" \/>\n<meta property=\"og:site_name\" content=\"Casa do Vereador\" \/>\n<meta property=\"article:modified_time\" content=\"2025-12-17T11:13:37+00:00\" \/>\n<meta property=\"og:image\" content=\"https:\/\/casadovereador.com\/wp-content\/uploads\/2023\/05\/a3405dd9853ba44293a604ea755217ecdaa4a136-1.jpg\" \/>\n\t<meta property=\"og:image:width\" content=\"2000\" \/>\n\t<meta property=\"og:image:height\" content=\"1505\" \/>\n\t<meta property=\"og:image:type\" content=\"image\/jpeg\" \/>\n<meta name=\"twitter:card\" content=\"summary_large_image\" \/>\n<script type=\"application\/ld+json\" class=\"yoast-schema-graph\">{\"@context\":\"https:\/\/schema.org\",\"@graph\":[{\"@type\":\"WebPage\",\"@id\":\"https:\/\/casadovereador.com\/es\/politica-de-privacidade\/\",\"url\":\"https:\/\/casadovereador.com\/es\/politica-de-privacidade\/\",\"name\":\"Pol\u00edtica de privacidad - Casa do Vereador\",\"isPartOf\":{\"@id\":\"https:\/\/casadovereador.com\/#website\"},\"datePublished\":\"2025-11-23T19:19:02+00:00\",\"dateModified\":\"2025-12-17T11:13:37+00:00\",\"description\":\"Pol\u00edtica de privacidad: Al aceptar Pol\u00edtica de Privacidad, usted autoriza a Gente de Palmo e Meio creche e Jardim de inf\u00e2ncia Lda trate sus datos personales\",\"breadcrumb\":{\"@id\":\"https:\/\/casadovereador.com\/es\/politica-de-privacidade\/#breadcrumb\"},\"inLanguage\":\"es\",\"potentialAction\":[{\"@type\":\"ReadAction\",\"target\":[\"https:\/\/casadovereador.com\/es\/politica-de-privacidade\/\"]}]},{\"@type\":\"BreadcrumbList\",\"@id\":\"https:\/\/casadovereador.com\/es\/politica-de-privacidade\/#breadcrumb\",\"itemListElement\":[{\"@type\":\"ListItem\",\"position\":1,\"name\":\"Home\",\"item\":\"https:\/\/casadovereador.com\/es\/\"},{\"@type\":\"ListItem\",\"position\":2,\"name\":\"Pol\u00edtica de privacidad\"}]},{\"@type\":\"WebSite\",\"@id\":\"https:\/\/casadovereador.com\/#website\",\"url\":\"https:\/\/casadovereador.com\/\",\"name\":\"Casa do Vereador\",\"description\":\"\",\"potentialAction\":[{\"@type\":\"SearchAction\",\"target\":{\"@type\":\"EntryPoint\",\"urlTemplate\":\"https:\/\/casadovereador.com\/?s={search_term_string}\"},\"query-input\":\"required name=search_term_string\"}],\"inLanguage\":\"es\"}]}<\/script>\n<!-- \/ Yoast SEO Premium plugin. -->","yoast_head_json":{"title":"Pol\u00edtica de privacidad - Casa do Vereador","description":"Pol\u00edtica de privacidad: Al aceptar Pol\u00edtica de Privacidad, usted autoriza a Gente de Palmo e Meio creche e Jardim de inf\u00e2ncia Lda trate sus datos personales","robots":{"index":"index","follow":"follow","max-snippet":"max-snippet:-1","max-image-preview":"max-image-preview:large","max-video-preview":"max-video-preview:-1"},"canonical":"https:\/\/casadovereador.com\/es\/politica-de-privacidade\/","og_locale":"es_ES","og_type":"article","og_title":"Pol\u00edtica de privacidad","og_description":"Pol\u00edtica de privacidad: Al aceptar Pol\u00edtica de Privacidad, usted autoriza a Gente de Palmo e Meio creche e Jardim de inf\u00e2ncia Lda trate sus datos personales","og_url":"https:\/\/casadovereador.com\/es\/politica-de-privacidade\/","og_site_name":"Casa do Vereador","article_modified_time":"2025-12-17T11:13:37+00:00","og_image":[{"width":2000,"height":1505,"url":"https:\/\/casadovereador.com\/wp-content\/uploads\/2023\/05\/a3405dd9853ba44293a604ea755217ecdaa4a136-1.jpg","type":"image\/jpeg"}],"twitter_card":"summary_large_image","schema":{"@context":"https:\/\/schema.org","@graph":[{"@type":"WebPage","@id":"https:\/\/casadovereador.com\/es\/politica-de-privacidade\/","url":"https:\/\/casadovereador.com\/es\/politica-de-privacidade\/","name":"Pol\u00edtica de privacidad - Casa do Vereador","isPartOf":{"@id":"https:\/\/casadovereador.com\/#website"},"datePublished":"2025-11-23T19:19:02+00:00","dateModified":"2025-12-17T11:13:37+00:00","description":"Pol\u00edtica de privacidad: Al aceptar Pol\u00edtica de Privacidad, usted autoriza a Gente de Palmo e Meio creche e Jardim de inf\u00e2ncia Lda trate sus datos personales","breadcrumb":{"@id":"https:\/\/casadovereador.com\/es\/politica-de-privacidade\/#breadcrumb"},"inLanguage":"es","potentialAction":[{"@type":"ReadAction","target":["https:\/\/casadovereador.com\/es\/politica-de-privacidade\/"]}]},{"@type":"BreadcrumbList","@id":"https:\/\/casadovereador.com\/es\/politica-de-privacidade\/#breadcrumb","itemListElement":[{"@type":"ListItem","position":1,"name":"Home","item":"https:\/\/casadovereador.com\/es\/"},{"@type":"ListItem","position":2,"name":"Pol\u00edtica de privacidad"}]},{"@type":"WebSite","@id":"https:\/\/casadovereador.com\/#website","url":"https:\/\/casadovereador.com\/","name":"Casa do Vereador","description":"","potentialAction":[{"@type":"SearchAction","target":{"@type":"EntryPoint","urlTemplate":"https:\/\/casadovereador.com\/?s={search_term_string}"},"query-input":"required name=search_term_string"}],"inLanguage":"es"}]}},"_links":{"self":[{"href":"https:\/\/casadovereador.com\/es\/wp-json\/wp\/v2\/pages\/3353","targetHints":{"allow":["GET"]}}],"collection":[{"href":"https:\/\/casadovereador.com\/es\/wp-json\/wp\/v2\/pages"}],"about":[{"href":"https:\/\/casadovereador.com\/es\/wp-json\/wp\/v2\/types\/page"}],"author":[{"embeddable":true,"href":"https:\/\/casadovereador.com\/es\/wp-json\/wp\/v2\/users\/1"}],"replies":[{"embeddable":true,"href":"https:\/\/casadovereador.com\/es\/wp-json\/wp\/v2\/comments?post=3353"}],"version-history":[{"count":2,"href":"https:\/\/casadovereador.com\/es\/wp-json\/wp\/v2\/pages\/3353\/revisions"}],"predecessor-version":[{"id":3356,"href":"https:\/\/casadovereador.com\/es\/wp-json\/wp\/v2\/pages\/3353\/revisions\/3356"}],"wp:featuredmedia":[{"embeddable":true,"href":"https:\/\/casadovereador.com\/es\/wp-json\/wp\/v2\/media\/2536"}],"wp:attachment":[{"href":"https:\/\/casadovereador.com\/es\/wp-json\/wp\/v2\/media?parent=3353"}],"curies":[{"name":"wp","href":"https:\/\/api.w.org\/{rel}","templated":true}]}}